{"id":375,"date":"2025-10-17T10:42:56","date_gmt":"2025-10-17T08:42:56","guid":{"rendered":"http:\/\/npkgocz.cluster029.hosting.ovh.net\/Quali\/?page_id=375"},"modified":"2025-12-19T09:15:49","modified_gmt":"2025-12-19T08:15:49","slug":"contact","status":"publish","type":"page","link":"http:\/\/npkgocz.cluster029.hosting.ovh.net\/Quali\/contact\/","title":{"rendered":"Contact"},"content":{"rendered":"\n<h1>\n\t\t\tParlons de votre restaurant\t<\/h1>\n\t<p>Nous vous proposons un accompagnement sur mesure !<\/p>\n<h1>\n\t\t\tNotre team\t<\/h1>\n\t<p>QualiTable est un projet d&rsquo;Incidence, bureau d&rsquo;\u00e9tudes de march\u00e9 d\u00e9di\u00e9 \u00e0 l&rsquo;exp\u00e9rience client. Notre \u00e9quipe met son expertise au service des restaurateurs pour am\u00e9liorer la qualit\u00e9 du service, renforcer la fid\u00e9lit\u00e9 client et booster la performance globale de l&rsquo;\u00e9tablissement.<\/p>\n\t<p>Retrouvez notre \u00e9quipe ici :<\/p>\n\t<p><a href=\"https:\/\/incidence.be\/\" target=\"_blank\" rel=\"noopener\">https:\/\/incidence.be\/<\/a><\/p>\n<p>&nbsp;<\/p>\n<figure itemscope itemtype=\"https:\/\/schema.org\/ImageObject\">\n\t\t\t\t<img decoding=\"async\" src=\"http:\/\/npkgocz.cluster029.hosting.ovh.net\/Quali\/wp-content\/uploads\/2025\/10\/95b10123-3e4c-4981-a5f4-2edfe018551a-150x150.png\" alt=\"95b10123-3e4c-4981-a5f4-2edfe018551a\" height=\"150\" width=\"150\" title=\"95b10123-3e4c-4981-a5f4-2edfe018551a\" onerror=\"this.style.display='none'\" loading=\"lazy\" \/>\n\t<\/figure>\n\t<p>\u00ab\u00a0Happy Customer, Happy Service\u00a0\u00bb<\/p>\n\n","protected":false},"excerpt":{"rendered":"<p>Parlons de votre restaurant Nous vous proposons un accompagnement sur mesure ! Notre team QualiTable est un projet d&rsquo;Incidence, bureau d&rsquo;\u00e9tudes de march\u00e9 d\u00e9di\u00e9 \u00e0 l&rsquo;exp\u00e9rience client. Notre \u00e9quipe met son expertise au service des restaurateurs pour am\u00e9liorer la qualit\u00e9 du service, renforcer la fid\u00e9lit\u00e9 client et booster la performance globale de l&rsquo;\u00e9tablissement. Retrouvez notre [&hellip;]<\/p>\n","protected":false},"author":1,"featured_media":0,"parent":0,"menu_order":0,"comment_status":"closed","ping_status":"closed","template":"","meta":{"saved_in_kubio":false,"footnotes":""},"class_list":["post-375","page","type-page","status-publish","hentry"],"kubio_ai_page_context":{"short_desc":"","purpose":"general"},"_links":{"self":[{"href":"http:\/\/npkgocz.cluster029.hosting.ovh.net\/Quali\/wp-json\/wp\/v2\/pages\/375","targetHints":{"allow":["GET"]}}],"collection":[{"href":"http:\/\/npkgocz.cluster029.hosting.ovh.net\/Quali\/wp-json\/wp\/v2\/pages"}],"about":[{"href":"http:\/\/npkgocz.cluster029.hosting.ovh.net\/Quali\/wp-json\/wp\/v2\/types\/page"}],"author":[{"embeddable":true,"href":"http:\/\/npkgocz.cluster029.hosting.ovh.net\/Quali\/wp-json\/wp\/v2\/users\/1"}],"replies":[{"embeddable":true,"href":"http:\/\/npkgocz.cluster029.hosting.ovh.net\/Quali\/wp-json\/wp\/v2\/comments?post=375"}],"version-history":[{"count":11,"href":"http:\/\/npkgocz.cluster029.hosting.ovh.net\/Quali\/wp-json\/wp\/v2\/pages\/375\/revisions"}],"predecessor-version":[{"id":689,"href":"http:\/\/npkgocz.cluster029.hosting.ovh.net\/Quali\/wp-json\/wp\/v2\/pages\/375\/revisions\/689"}],"wp:attachment":[{"href":"http:\/\/npkgocz.cluster029.hosting.ovh.net\/Quali\/wp-json\/wp\/v2\/media?parent=375"}],"curies":[{"name":"wp","href":"https:\/\/api.w.org\/{rel}","templated":true}]}}