{"id":370,"date":"2025-10-17T10:41:28","date_gmt":"2025-10-17T08:41:28","guid":{"rendered":"http:\/\/npkgocz.cluster029.hosting.ovh.net\/Quali\/?page_id=370"},"modified":"2025-12-19T09:16:39","modified_gmt":"2025-12-19T08:16:39","slug":"demo","status":"publish","type":"page","link":"http:\/\/npkgocz.cluster029.hosting.ovh.net\/Quali\/demo\/","title":{"rendered":"D\u00e9mo &#038; espace client"},"content":{"rendered":"\n<h2>\n\t\t\tD\u00e9couvrez notre reporting dynamique en action\t<\/h2>\n\t<h3 data-start=\"112\" data-end=\"164\"><strong>Un diagnostic complet de votre exp\u00e9rience client<\/strong><\/h3>\n<ul data-start=\"166\" data-end=\"342\">\n<li data-start=\"166\" data-end=\"256\">\nUn score global clair, accompagn\u00e9 du d\u00e9tail de chaque \u00e9tape du parcours client\n<\/li>\n<li data-start=\"257\" data-end=\"342\">\nUn audit mensuel d\u00e9taill\u00e9, accessible en ligne et t\u00e9l\u00e9chargeable en PDF\n<\/li>\n<\/ul>\n<h3 data-start=\"344\" data-end=\"386\"><strong>Une analyse approfondie et actionnable<\/strong><\/h3>\n<ul data-start=\"388\" data-end=\"561\">\n<li data-start=\"388\" data-end=\"472\">\nUne section d&rsquo;analyse d\u00e9taill\u00e9e pour comprendre pr\u00e9cis\u00e9ment vos performances\n<\/li>\n<li data-start=\"473\" data-end=\"561\">\nUn r\u00e9sum\u00e9 synth\u00e9tique mettant en lumi\u00e8re vos forces et vos axes d&rsquo;am\u00e9lioration\n<\/li>\n<\/ul>\n<h3>\n\t\t\tUn outil simple et intuitif\t<\/h3>\n\tFacile \u00e0 prendre en main, pens\u00e9 pour l&rsquo;action.<br data-start=\"642\" data-end=\"645\" \/>N&rsquo;attendez plus pour am\u00e9liorer votre exp\u00e9rience client.\n\n","protected":false},"excerpt":{"rendered":"<p>D\u00e9couvrez notre reporting dynamique en action Un diagnostic complet de votre exp\u00e9rience client Un score global clair, accompagn\u00e9 du d\u00e9tail de chaque \u00e9tape du parcours client Un audit mensuel d\u00e9taill\u00e9, accessible en ligne et t\u00e9l\u00e9chargeable en PDF Une analyse approfondie et actionnable Une section d&rsquo;analyse d\u00e9taill\u00e9e pour comprendre pr\u00e9cis\u00e9ment vos performances Un r\u00e9sum\u00e9 synth\u00e9tique mettant [&hellip;]<\/p>\n","protected":false},"author":1,"featured_media":0,"parent":0,"menu_order":0,"comment_status":"closed","ping_status":"closed","template":"","meta":{"saved_in_kubio":false,"footnotes":""},"class_list":["post-370","page","type-page","status-publish","hentry"],"kubio_ai_page_context":{"short_desc":"","purpose":"general"},"_links":{"self":[{"href":"http:\/\/npkgocz.cluster029.hosting.ovh.net\/Quali\/wp-json\/wp\/v2\/pages\/370","targetHints":{"allow":["GET"]}}],"collection":[{"href":"http:\/\/npkgocz.cluster029.hosting.ovh.net\/Quali\/wp-json\/wp\/v2\/pages"}],"about":[{"href":"http:\/\/npkgocz.cluster029.hosting.ovh.net\/Quali\/wp-json\/wp\/v2\/types\/page"}],"author":[{"embeddable":true,"href":"http:\/\/npkgocz.cluster029.hosting.ovh.net\/Quali\/wp-json\/wp\/v2\/users\/1"}],"replies":[{"embeddable":true,"href":"http:\/\/npkgocz.cluster029.hosting.ovh.net\/Quali\/wp-json\/wp\/v2\/comments?post=370"}],"version-history":[{"count":11,"href":"http:\/\/npkgocz.cluster029.hosting.ovh.net\/Quali\/wp-json\/wp\/v2\/pages\/370\/revisions"}],"predecessor-version":[{"id":675,"href":"http:\/\/npkgocz.cluster029.hosting.ovh.net\/Quali\/wp-json\/wp\/v2\/pages\/370\/revisions\/675"}],"wp:attachment":[{"href":"http:\/\/npkgocz.cluster029.hosting.ovh.net\/Quali\/wp-json\/wp\/v2\/media?parent=370"}],"curies":[{"name":"wp","href":"https:\/\/api.w.org\/{rel}","templated":true}]}}