{"id":181,"date":"2025-10-15T15:35:01","date_gmt":"2025-10-15T13:35:01","guid":{"rendered":"http:\/\/npkgocz.cluster029.hosting.ovh.net\/Quali\/?page_id=181"},"modified":"2025-12-19T09:27:28","modified_gmt":"2025-12-19T08:27:28","slug":"acceuil","status":"publish","type":"page","link":"http:\/\/npkgocz.cluster029.hosting.ovh.net\/Quali\/","title":{"rendered":"Acceuil"},"content":{"rendered":"\n\n\t<hr \/>\n<p><em>Des tables vides ? Des clients qui ne reviennent pas ? Un service qui manque de coh\u00e9sion ?<\/em><\/p>\n<hr \/>\n<p>&nbsp;<\/p>\n\t<p>Avec <strong data-start=\"1085\" data-end=\"1099\">QualiTable<\/strong>, vous b\u00e9n\u00e9ficiez d&rsquo;un accompagnement concret pour :<\/p>\n\t<p>Nos Services<\/p>\n<figure itemscope itemtype=\"https:\/\/schema.org\/ImageObject\">\n\t\t\t\t<img decoding=\"async\" src=\"http:\/\/npkgocz.cluster029.hosting.ovh.net\/Quali\/wp-content\/uploads\/2025\/10\/pexels-pavel-danilyuk-8775163-scaled.jpg\" alt=\"pexels-pavel-danilyuk-8775163\" height=\"2560\" width=\"1709\" title=\"pexels-pavel-danilyuk-8775163\" onerror=\"this.style.display='none'\" loading=\"lazy\" \/>\n\t<\/figure>\n\t\t\t<a href=\"http:\/\/npkgocz.cluster029.hosting.ovh.net\/Quali\/services\/\"  target=\"_self\">\n\t\t\t\t\t\t\t-HAPPY CUSTOMERS-\n\t\t\t\t\t<\/a>\n<figure itemscope itemtype=\"https:\/\/schema.org\/ImageObject\">\n\t\t\t\t<img decoding=\"async\" src=\"http:\/\/npkgocz.cluster029.hosting.ovh.net\/Quali\/wp-content\/uploads\/2025\/10\/unsplash-G7eI_KNp7iw.jpg\" alt=\"brown and white food on black ceramic plate\" height=\"1067\" width=\"1600\" title=\"Photo\" onerror=\"this.style.display='none'\" loading=\"lazy\" \/>\n\t<\/figure>\n\t\t\t<a href=\"http:\/\/npkgocz.cluster029.hosting.ovh.net\/Quali\/services\/\"  target=\"_self\">\n\t\t\t\t\t\t\t-HAPPY SERVICE-\n\t\t\t\t\t<\/a>\n<figure itemscope itemtype=\"https:\/\/schema.org\/ImageObject\">\n\t\t\t\t<img decoding=\"async\" src=\"http:\/\/npkgocz.cluster029.hosting.ovh.net\/Quali\/wp-content\/uploads\/2025\/10\/pexels-cottonbro-4253312-scaled.jpg\" alt=\"pexels-cottonbro-4253312\" height=\"2560\" width=\"1707\" title=\"pexels-cottonbro-4253312\" onerror=\"this.style.display='none'\" loading=\"lazy\" \/>\n\t<\/figure>\n\t\t\t<a href=\"http:\/\/npkgocz.cluster029.hosting.ovh.net\/Quali\/services\/\"  target=\"_self\">\n\t\t\t\t\t\t\t-MANAGER-\n\t\t\t\t\t<\/a>\n\t\t<h3>Une question sur nos services ou envie de booster la fid\u00e9lit\u00e9 et valoriser votre r\u00e9putation ?<\/h3>\n\t\t<p>Contactez-nous d\u00e8s aujourd&rsquo;hui, notre \u00e9quipe se fera un plaisir de vous r\u00e9pondre !<\/p>\n\t\t\t<a href=\"http:\/\/npkgocz.cluster029.hosting.ovh.net\/Quali\/contact\/\"  target=\"_self\">\n\t\t\t\t\t\t\tDemandez un devis\n\t\t\t<\/a>\n\n","protected":false},"excerpt":{"rendered":"<p>Des tables vides ? Des clients qui ne reviennent pas ? Un service qui manque de coh\u00e9sion ? &nbsp; Avec QualiTable, vous b\u00e9n\u00e9ficiez d&rsquo;un accompagnement concret pour : Nos Services -HAPPY CUSTOMERS- -HAPPY SERVICE- -MANAGER- Une question sur nos services ou envie de booster la fid\u00e9lit\u00e9 et valoriser votre r\u00e9putation ? Contactez-nous d\u00e8s aujourd&rsquo;hui, notre [&hellip;]<\/p>\n","protected":false},"author":1,"featured_media":0,"parent":0,"menu_order":0,"comment_status":"closed","ping_status":"closed","template":"","meta":{"saved_in_kubio":true,"footnotes":""},"class_list":["post-181","page","type-page","status-publish","hentry"],"kubio_ai_page_context":{"short_desc":"","purpose":"general"},"_links":{"self":[{"href":"http:\/\/npkgocz.cluster029.hosting.ovh.net\/Quali\/wp-json\/wp\/v2\/pages\/181","targetHints":{"allow":["GET"]}}],"collection":[{"href":"http:\/\/npkgocz.cluster029.hosting.ovh.net\/Quali\/wp-json\/wp\/v2\/pages"}],"about":[{"href":"http:\/\/npkgocz.cluster029.hosting.ovh.net\/Quali\/wp-json\/wp\/v2\/types\/page"}],"author":[{"embeddable":true,"href":"http:\/\/npkgocz.cluster029.hosting.ovh.net\/Quali\/wp-json\/wp\/v2\/users\/1"}],"replies":[{"embeddable":true,"href":"http:\/\/npkgocz.cluster029.hosting.ovh.net\/Quali\/wp-json\/wp\/v2\/comments?post=181"}],"version-history":[{"count":11,"href":"http:\/\/npkgocz.cluster029.hosting.ovh.net\/Quali\/wp-json\/wp\/v2\/pages\/181\/revisions"}],"predecessor-version":[{"id":681,"href":"http:\/\/npkgocz.cluster029.hosting.ovh.net\/Quali\/wp-json\/wp\/v2\/pages\/181\/revisions\/681"}],"wp:attachment":[{"href":"http:\/\/npkgocz.cluster029.hosting.ovh.net\/Quali\/wp-json\/wp\/v2\/media?parent=181"}],"curies":[{"name":"wp","href":"https:\/\/api.w.org\/{rel}","templated":true}]}}